{"id":2052,"date":"2022-03-30T14:50:22","date_gmt":"2022-03-30T13:50:22","guid":{"rendered":"https:\/\/www.icc.center\/?page_id=2052"},"modified":"2022-03-30T20:04:56","modified_gmt":"2022-03-30T19:04:56","slug":"elementor-2052","status":"publish","type":"page","link":"https:\/\/www.icc.center\/en\/elementor-2052\/","title":{"rendered":"Katalog"},"content":{"rendered":"<div data-elementor-type=\"wp-page\" data-elementor-id=\"2052\" class=\"elementor elementor-2052\">\n\t\t\t\t\t\t<section class=\"elementor-section elementor-top-section elementor-element elementor-element-86bfe6f elementor-section-boxed elementor-section-height-default elementor-section-height-default\" data-id=\"86bfe6f\" data-element_type=\"section\">\n\t\t\t\t\t\t<div class=\"elementor-container elementor-column-gap-default\">\n\t\t\t\t\t<div class=\"elementor-column elementor-col-100 elementor-top-column elementor-element elementor-element-5264f54\" data-id=\"5264f54\" data-element_type=\"column\">\n\t\t\t<div class=\"elementor-widget-wrap elementor-element-populated\">\n\t\t\t\t\t\t<div class=\"elementor-element elementor-element-df6b9c6 elementor-grid-2 elementor-grid-tablet-3 elementor-grid-mobile-2 elementor-products-grid elementor-wc-products elementor-show-pagination-border-yes elementor-widget elementor-widget-woocommerce-products\" data-id=\"df6b9c6\" data-element_type=\"widget\" data-widget_type=\"woocommerce-products.default\">\n\t\t\t\t<div class=\"elementor-widget-container\">\n\t\t\t<link rel=\"stylesheet\" href=\"https:\/\/www.icc.center\/wp-content\/plugins\/elementor-pro\/assets\/css\/widget-woocommerce.min.css\"><div class=\"woocommerce columns-2\"><div class=\"storefront-sorting\"><div class=\"woocommerce-notices-wrapper\"><\/div><form class=\"woocommerce-ordering\" method=\"get\" action=\"\">\n\t<select name=\"orderby\" class=\"orderby\" aria-label=\"Shop order\" data-no-translation-aria-label=\"\">\n\t\t\t\t\t<option value=\"menu_order\"  selected='selected' data-no-translation=\"\" data-trp-gettext=\"\">Default sorting<\/option>\n\t\t\t\t\t<option value=\"popularity\" data-no-translation=\"\" data-trp-gettext=\"\" >Sort by popularity<\/option>\n\t\t\t\t\t<option value=\"rating\" data-no-translation=\"\" data-trp-gettext=\"\" >Sort by average rating<\/option>\n\t\t\t\t\t<option value=\"date\" data-no-translation=\"\" data-trp-gettext=\"\" >Sort by latest<\/option>\n\t\t\t\t\t<option value=\"price\" data-no-translation=\"\" data-trp-gettext=\"\" >Sort by price: low to high<\/option>\n\t\t\t\t\t<option value=\"price-desc\" data-no-translation=\"\" data-trp-gettext=\"\" >Sort by price: high to low<\/option>\n\t\t\t<\/select>\n\t<input type=\"hidden\" name=\"paged\" value=\"1\" \/>\n\t<input type=\"hidden\" name=\"trp-form-language\" value=\"en\"\/><\/form>\n<p class=\"woocommerce-result-count\">\n\tShowing the single result<\/p>\n<\/div><ul class=\"products elementor-grid columns-2\">\n<li class=\"product type-product post-14389 status-publish first instock product_cat-pruvodce has-post-thumbnail downloadable virtual sold-individually taxable purchasable product-type-simple\">\n\t<a href=\"https:\/\/www.icc.center\/en\/product\/pruvodce-digitalni-fotokomorou\/\" class=\"woocommerce-LoopProduct-link woocommerce-loop-product__link\"><img fetchpriority=\"high\" decoding=\"async\" width=\"324\" height=\"324\" src=\"https:\/\/www.icc.center\/wp-content\/uploads\/2022\/02\/Pruvodce-digitalni-fotokomorou_Stranka_001-scaled-324x324.jpg\" class=\"attachment-woocommerce_thumbnail size-woocommerce_thumbnail\" alt=\"\" srcset=\"https:\/\/www.icc.center\/wp-content\/uploads\/2022\/02\/Pruvodce-digitalni-fotokomorou_Stranka_001-scaled-324x324.jpg 324w, https:\/\/www.icc.center\/wp-content\/uploads\/2022\/02\/Pruvodce-digitalni-fotokomorou_Stranka_001-scaled-100x100.jpg 100w, https:\/\/www.icc.center\/wp-content\/uploads\/2022\/02\/Pruvodce-digitalni-fotokomorou_Stranka_001-150x150.jpg 150w\" sizes=\"(max-width: 324px) 100vw, 324px\" \/><h2 class=\"woocommerce-loop-product__title\">Pr\u016fvodce digit\u00e1ln\u00ed fotokomorou<\/h2>\n\t<span class=\"price\"><span class=\"woocommerce-Price-amount amount\"><bdi>199&nbsp;<span class=\"woocommerce-Price-currencySymbol\">&#75;&#269;<\/span><\/bdi><\/span><\/span>\n<\/a><a href=\"?add-to-cart=14389\" aria-describedby=\"woocommerce_loop_add_to_cart_link_describedby_14389\" data-quantity=\"1\" class=\"button product_type_simple add_to_cart_button ajax_add_to_cart\" data-product_id=\"14389\" data-product_sku=\"FY9021\" aria-label=\"Add to basket: \u201cPr\u016fvodce digit\u00e1ln\u00ed fotokomorou\u201d\" rel=\"nofollow\" data-no-translation=\"\" data-trp-gettext=\"\" data-no-translation-aria-label=\"\">Add to basket<\/a><span id=\"woocommerce_loop_add_to_cart_link_describedby_14389\" class=\"screen-reader-text\">\n\t<\/span>\n<\/li>\n<\/ul>\n<div class=\"storefront-sorting\"><form class=\"woocommerce-ordering\" method=\"get\" action=\"\">\n\t<select name=\"orderby\" class=\"orderby\" aria-label=\"Shop order\" data-no-translation-aria-label=\"\">\n\t\t\t\t\t<option value=\"menu_order\"  selected='selected' data-no-translation=\"\" data-trp-gettext=\"\">Default sorting<\/option>\n\t\t\t\t\t<option value=\"popularity\" data-no-translation=\"\" data-trp-gettext=\"\" >Sort by popularity<\/option>\n\t\t\t\t\t<option value=\"rating\" data-no-translation=\"\" data-trp-gettext=\"\" >Sort by average rating<\/option>\n\t\t\t\t\t<option value=\"date\" data-no-translation=\"\" data-trp-gettext=\"\" >Sort by latest<\/option>\n\t\t\t\t\t<option value=\"price\" data-no-translation=\"\" data-trp-gettext=\"\" >Sort by price: low to high<\/option>\n\t\t\t\t\t<option value=\"price-desc\" data-no-translation=\"\" data-trp-gettext=\"\" >Sort by price: high to low<\/option>\n\t\t\t<\/select>\n\t<input type=\"hidden\" name=\"paged\" value=\"1\" \/>\n\t<input type=\"hidden\" name=\"trp-form-language\" value=\"en\"\/><\/form>\n<p class=\"woocommerce-result-count\">\n\tShowing the single result<\/p>\n<\/div><\/div>\t\t<\/div>\n\t\t\t\t<\/div>\n\t\t\t\t\t<\/div>\n\t\t<\/div>\n\t\t\t\t\t<\/div>\n\t\t<\/section>\n\t\t\t\t<\/div>","protected":false},"excerpt":{"rendered":"","protected":false},"author":2,"featured_media":0,"parent":0,"menu_order":0,"comment_status":"closed","ping_status":"closed","template":"elementor_canvas","meta":{"footnotes":""},"class_list":["post-2052","page","type-page","status-publish","hentry"],"yoast_head":"<!-- This site is optimized with the Yoast SEO plugin v22.9 - https:\/\/yoast.com\/wordpress\/plugins\/seo\/ -->\n<title>Katalog | icc.center<\/title>\n<meta name=\"robots\" content=\"index, follow, max-snippet:-1, max-image-preview:large, max-video-preview:-1\" \/>\n<link rel=\"canonical\" href=\"https:\/\/www.icc.center\/en\/elementor-2052\/\" \/>\n<meta property=\"og:locale\" content=\"en_GB\" \/>\n<meta property=\"og:type\" content=\"article\" \/>\n<meta property=\"og:title\" content=\"Katalog | icc.center\" \/>\n<meta property=\"og:url\" content=\"https:\/\/www.icc.center\/en\/elementor-2052\/\" \/>\n<meta property=\"og:site_name\" content=\"icc.center\" \/>\n<meta property=\"article:publisher\" content=\"https:\/\/www.facebook.com\/FomeiCZ\" \/>\n<meta property=\"article:modified_time\" content=\"2022-03-30T19:04:56+00:00\" \/>\n<meta name=\"twitter:card\" content=\"summary_large_image\" \/>\n<meta name=\"twitter:label1\" content=\"Estimated reading time\" \/>\n\t<meta name=\"twitter:data1\" content=\"3 minutes\" \/>\n<script type=\"application\/ld+json\" class=\"yoast-schema-graph\">{\"@context\":\"https:\/\/schema.org\",\"@graph\":[{\"@type\":\"WebPage\",\"@id\":\"https:\/\/www.icc.center\/elementor-2052\/\",\"url\":\"https:\/\/www.icc.center\/elementor-2052\/\",\"name\":\"Katalog | icc.center\",\"isPartOf\":{\"@id\":\"https:\/\/www.icc.center\/#website\"},\"datePublished\":\"2022-03-30T13:50:22+00:00\",\"dateModified\":\"2022-03-30T19:04:56+00:00\",\"breadcrumb\":{\"@id\":\"https:\/\/www.icc.center\/elementor-2052\/#breadcrumb\"},\"inLanguage\":\"en-GB\",\"potentialAction\":[{\"@type\":\"ReadAction\",\"target\":[\"https:\/\/www.icc.center\/elementor-2052\/\"]}]},{\"@type\":\"BreadcrumbList\",\"@id\":\"https:\/\/www.icc.center\/elementor-2052\/#breadcrumb\",\"itemListElement\":[{\"@type\":\"ListItem\",\"position\":1,\"name\":\"Hlavn\u00ed str\u00e1nka\",\"item\":\"https:\/\/www.icc.center\/\"},{\"@type\":\"ListItem\",\"position\":2,\"name\":\"Katalog\"}]},{\"@type\":\"WebSite\",\"@id\":\"https:\/\/www.icc.center\/#website\",\"url\":\"https:\/\/www.icc.center\/\",\"name\":\"icc.center\",\"description\":\"ICC centrum materi\u00e1l\u016f FOMEI\",\"publisher\":{\"@id\":\"https:\/\/www.icc.center\/#organization\"},\"potentialAction\":[{\"@type\":\"SearchAction\",\"target\":{\"@type\":\"EntryPoint\",\"urlTemplate\":\"https:\/\/www.icc.center\/?s={search_term_string}\"},\"query-input\":\"required name=search_term_string\"}],\"inLanguage\":\"en-GB\"},{\"@type\":\"Organization\",\"@id\":\"https:\/\/www.icc.center\/#organization\",\"name\":\"icc.centre\",\"url\":\"https:\/\/www.icc.center\/\",\"logo\":{\"@type\":\"ImageObject\",\"inLanguage\":\"en-GB\",\"@id\":\"https:\/\/www.icc.center\/#\/schema\/logo\/image\/\",\"url\":\"https:\/\/www.icc.center\/wp-content\/uploads\/2021\/12\/cropped-kisspng-cie-1931-color-space-lab-color-space-srgb-seashell-5abb217599e8d6.0772917115222132376304-1.png\",\"contentUrl\":\"https:\/\/www.icc.center\/wp-content\/uploads\/2021\/12\/cropped-kisspng-cie-1931-color-space-lab-color-space-srgb-seashell-5abb217599e8d6.0772917115222132376304-1.png\",\"width\":512,\"height\":512,\"caption\":\"icc.centre\"},\"image\":{\"@id\":\"https:\/\/www.icc.center\/#\/schema\/logo\/image\/\"},\"sameAs\":[\"https:\/\/www.facebook.com\/FomeiCZ\",\"https:\/\/instagram.com\/fomei\",\"https:\/\/youtube.com\/fomeicz\"]}]}<\/script>\n<!-- \/ Yoast SEO plugin. -->","yoast_head_json":{"title":"Katalog | icc.center","robots":{"index":"index","follow":"follow","max-snippet":"max-snippet:-1","max-image-preview":"max-image-preview:large","max-video-preview":"max-video-preview:-1"},"canonical":"https:\/\/www.icc.center\/en\/elementor-2052\/","og_locale":"en_GB","og_type":"article","og_title":"Katalog | icc.center","og_url":"https:\/\/www.icc.center\/en\/elementor-2052\/","og_site_name":"icc.center","article_publisher":"https:\/\/www.facebook.com\/FomeiCZ","article_modified_time":"2022-03-30T19:04:56+00:00","twitter_card":"summary_large_image","twitter_misc":{"Estimated reading time":"3 minutes"},"schema":{"@context":"https:\/\/schema.org","@graph":[{"@type":"WebPage","@id":"https:\/\/www.icc.center\/elementor-2052\/","url":"https:\/\/www.icc.center\/elementor-2052\/","name":"Katalog | icc.center","isPartOf":{"@id":"https:\/\/www.icc.center\/#website"},"datePublished":"2022-03-30T13:50:22+00:00","dateModified":"2022-03-30T19:04:56+00:00","breadcrumb":{"@id":"https:\/\/www.icc.center\/elementor-2052\/#breadcrumb"},"inLanguage":"en-GB","potentialAction":[{"@type":"ReadAction","target":["https:\/\/www.icc.center\/elementor-2052\/"]}]},{"@type":"BreadcrumbList","@id":"https:\/\/www.icc.center\/elementor-2052\/#breadcrumb","itemListElement":[{"@type":"ListItem","position":1,"name":"Hlavn\u00ed str\u00e1nka","item":"https:\/\/www.icc.center\/"},{"@type":"ListItem","position":2,"name":"Katalog"}]},{"@type":"WebSite","@id":"https:\/\/www.icc.center\/#website","url":"https:\/\/www.icc.center\/","name":"icc.center","description":"ICC centrum materi\u00e1l\u016f FOMEI","publisher":{"@id":"https:\/\/www.icc.center\/#organization"},"potentialAction":[{"@type":"SearchAction","target":{"@type":"EntryPoint","urlTemplate":"https:\/\/www.icc.center\/?s={search_term_string}"},"query-input":"required name=search_term_string"}],"inLanguage":"en-GB"},{"@type":"Organization","@id":"https:\/\/www.icc.center\/#organization","name":"icc.centre","url":"https:\/\/www.icc.center\/","logo":{"@type":"ImageObject","inLanguage":"en-GB","@id":"https:\/\/www.icc.center\/#\/schema\/logo\/image\/","url":"https:\/\/www.icc.center\/wp-content\/uploads\/2021\/12\/cropped-kisspng-cie-1931-color-space-lab-color-space-srgb-seashell-5abb217599e8d6.0772917115222132376304-1.png","contentUrl":"https:\/\/www.icc.center\/wp-content\/uploads\/2021\/12\/cropped-kisspng-cie-1931-color-space-lab-color-space-srgb-seashell-5abb217599e8d6.0772917115222132376304-1.png","width":512,"height":512,"caption":"icc.centre"},"image":{"@id":"https:\/\/www.icc.center\/#\/schema\/logo\/image\/"},"sameAs":["https:\/\/www.facebook.com\/FomeiCZ","https:\/\/instagram.com\/fomei","https:\/\/youtube.com\/fomeicz"]}]}},"_links":{"self":[{"href":"https:\/\/www.icc.center\/en\/wp-json\/wp\/v2\/pages\/2052","targetHints":{"allow":["GET"]}}],"collection":[{"href":"https:\/\/www.icc.center\/en\/wp-json\/wp\/v2\/pages"}],"about":[{"href":"https:\/\/www.icc.center\/en\/wp-json\/wp\/v2\/types\/page"}],"author":[{"embeddable":true,"href":"https:\/\/www.icc.center\/en\/wp-json\/wp\/v2\/users\/2"}],"replies":[{"embeddable":true,"href":"https:\/\/www.icc.center\/en\/wp-json\/wp\/v2\/comments?post=2052"}],"version-history":[{"count":0,"href":"https:\/\/www.icc.center\/en\/wp-json\/wp\/v2\/pages\/2052\/revisions"}],"wp:attachment":[{"href":"https:\/\/www.icc.center\/en\/wp-json\/wp\/v2\/media?parent=2052"}],"curies":[{"name":"wp","href":"https:\/\/api.w.org\/{rel}","templated":true}]}}