{"id":477,"date":"2022-02-07T11:39:39","date_gmt":"2022-02-07T10:39:39","guid":{"rendered":"https:\/\/www.icc.center\/pokladna\/"},"modified":"2022-02-07T16:24:11","modified_gmt":"2022-02-07T15:24:11","slug":"pokladna","status":"publish","type":"page","link":"https:\/\/www.icc.center\/en\/pokladna\/","title":{"rendered":"Pokladna"},"content":{"rendered":"<div data-elementor-type=\"wp-page\" data-elementor-id=\"477\" class=\"elementor elementor-477\">\n\t\t\t\t\t\t<section class=\"elementor-section elementor-top-section elementor-element elementor-element-b0eda96 elementor-section-boxed elementor-section-height-default elementor-section-height-default\" data-id=\"b0eda96\" data-element_type=\"section\">\n\t\t\t\t\t\t<div class=\"elementor-container elementor-column-gap-default\">\n\t\t\t\t\t<div class=\"elementor-column elementor-col-66 elementor-top-column elementor-element elementor-element-59ab67d\" data-id=\"59ab67d\" data-element_type=\"column\">\n\t\t\t<div class=\"elementor-widget-wrap elementor-element-populated\">\n\t\t\t\t\t\t<div class=\"elementor-element elementor-element-3f7eb96 elementor-widget elementor-widget-heading\" data-id=\"3f7eb96\" data-element_type=\"widget\" data-widget_type=\"heading.default\">\n\t\t\t\t<div class=\"elementor-widget-container\">\n\t\t\t<style>\/*! elementor - v3.22.0 - 26-06-2024 *\/\n.elementor-heading-title{padding:0;margin:0;line-height:1}.elementor-widget-heading .elementor-heading-title[class*=elementor-size-]>a{color:inherit;font-size:inherit;line-height:inherit}.elementor-widget-heading .elementor-heading-title.elementor-size-small{font-size:15px}.elementor-widget-heading .elementor-heading-title.elementor-size-medium{font-size:19px}.elementor-widget-heading .elementor-heading-title.elementor-size-large{font-size:29px}.elementor-widget-heading .elementor-heading-title.elementor-size-xl{font-size:39px}.elementor-widget-heading .elementor-heading-title.elementor-size-xxl{font-size:59px}<\/style><h2 class=\"elementor-heading-title elementor-size-default\">Koupit digit\u00e1ln\u00ed verzi publikace:<br>Pr\u016fvodce digit\u00e1ln\u00ed fotokomorou<\/h2>\t\t<\/div>\n\t\t\t\t<\/div>\n\t\t\t\t<div class=\"elementor-element elementor-element-1e1c180 elementor-widget elementor-widget-text-editor\" data-id=\"1e1c180\" data-element_type=\"widget\" data-widget_type=\"text-editor.default\">\n\t\t\t\t<div class=\"elementor-widget-container\">\n\t\t\t<style>\/*! elementor - v3.22.0 - 26-06-2024 *\/\n.elementor-widget-text-editor.elementor-drop-cap-view-stacked .elementor-drop-cap{background-color:#69727d;color:#fff}.elementor-widget-text-editor.elementor-drop-cap-view-framed .elementor-drop-cap{color:#69727d;border:3px solid;background-color:transparent}.elementor-widget-text-editor:not(.elementor-drop-cap-view-default) .elementor-drop-cap{margin-top:8px}.elementor-widget-text-editor:not(.elementor-drop-cap-view-default) .elementor-drop-cap-letter{width:1em;height:1em}.elementor-widget-text-editor .elementor-drop-cap{float:left;text-align:center;line-height:1;font-size:50px}.elementor-widget-text-editor .elementor-drop-cap-letter{display:inline-block}<\/style>\t\t\t\t<p>V\u0161em kdo cht\u011bj\u00ed informace \u010derpat z digit\u00e1ln\u00ed verze publikaci p\u0159in\u00e1\u0161\u00edme mo\u017enost jej\u00ed koup\u011b za zv\u00fdhodn\u011bnou cenu.<\/p><p>Odkaz ke sta\u017een\u00ed obdr\u017e\u00edte okam\u017eit\u011b po zaplacen\u00ed kartou.<\/p>\t\t\t\t\t\t<\/div>\n\t\t\t\t<\/div>\n\t\t\t\t\t<\/div>\n\t\t<\/div>\n\t\t\t\t<div class=\"elementor-column elementor-col-33 elementor-top-column elementor-element elementor-element-0fa2124\" data-id=\"0fa2124\" data-element_type=\"column\">\n\t\t\t<div class=\"elementor-widget-wrap\">\n\t\t\t\t\t\t\t<\/div>\n\t\t<\/div>\n\t\t\t\t\t<\/div>\n\t\t<\/section>\n\t\t\t\t<section class=\"elementor-section elementor-top-section elementor-element elementor-element-e6c1fbc elementor-section-boxed elementor-section-height-default elementor-section-height-default\" data-id=\"e6c1fbc\" data-element_type=\"section\">\n\t\t\t\t\t\t<div class=\"elementor-container elementor-column-gap-default\">\n\t\t\t\t\t<div class=\"elementor-column elementor-col-100 elementor-top-column elementor-element elementor-element-a2a373e\" data-id=\"a2a373e\" data-element_type=\"column\">\n\t\t\t<div class=\"elementor-widget-wrap elementor-element-populated\">\n\t\t\t\t\t\t<div class=\"elementor-element elementor-element-46437019 elementor-widget elementor-widget-text-editor\" data-id=\"46437019\" data-element_type=\"widget\" data-widget_type=\"text-editor.default\">\n\t\t\t\t<div class=\"elementor-widget-container\">\n\t\t\t\t\t\t\t<!-- wp:shortcode --><div class=\"woocommerce\"><\/div><!-- \/wp:shortcode -->\t\t\t\t\t\t<\/div>\n\t\t\t\t<\/div>\n\t\t\t\t\t<\/div>\n\t\t<\/div>\n\t\t\t\t\t<\/div>\n\t\t<\/section>\n\t\t\t\t<\/div>","protected":false},"excerpt":{"rendered":"<p>Koupit digit\u00e1ln\u00ed verzi publikace:Pr\u016fvodce digit\u00e1ln\u00ed fotokomorou V\u0161em kdo cht\u011bj\u00ed informace \u010derpat z digit\u00e1ln\u00ed verze publikaci p\u0159in\u00e1\u0161\u00edme mo\u017enost jej\u00ed koup\u011b za zv\u00fdhodn\u011bnou cenu. Odkaz ke sta\u017een\u00ed obdr\u017e\u00edte okam\u017eit\u011b po zaplacen\u00ed kartou.<\/p>","protected":false},"author":1,"featured_media":0,"parent":0,"menu_order":0,"comment_status":"closed","ping_status":"closed","template":"elementor_canvas","meta":{"footnotes":""},"class_list":["post-477","page","type-page","status-publish","hentry"],"yoast_head":"<!-- This site is optimized with the Yoast SEO plugin v22.9 - https:\/\/yoast.com\/wordpress\/plugins\/seo\/ -->\n<title>Pokladna | icc.center<\/title>\n<meta name=\"robots\" content=\"index, follow, max-snippet:-1, max-image-preview:large, max-video-preview:-1\" \/>\n<link rel=\"canonical\" href=\"https:\/\/www.icc.center\/en\/pokladna\/\" \/>\n<meta property=\"og:locale\" content=\"en_GB\" \/>\n<meta property=\"og:type\" content=\"article\" \/>\n<meta property=\"og:title\" content=\"Pokladna | icc.center\" \/>\n<meta property=\"og:description\" content=\"Koupit digit\u00e1ln\u00ed verzi publikace:Pr\u016fvodce digit\u00e1ln\u00ed fotokomorou V\u0161em kdo cht\u011bj\u00ed informace \u010derpat z digit\u00e1ln\u00ed verze publikaci p\u0159in\u00e1\u0161\u00edme mo\u017enost jej\u00ed koup\u011b za zv\u00fdhodn\u011bnou cenu. Odkaz ke sta\u017een\u00ed obdr\u017e\u00edte okam\u017eit\u011b po zaplacen\u00ed kartou.\" \/>\n<meta property=\"og:url\" content=\"https:\/\/www.icc.center\/en\/pokladna\/\" \/>\n<meta property=\"og:site_name\" content=\"icc.center\" \/>\n<meta property=\"article:publisher\" content=\"https:\/\/www.facebook.com\/FomeiCZ\" \/>\n<meta property=\"article:modified_time\" content=\"2022-02-07T15:24:11+00:00\" \/>\n<meta name=\"twitter:card\" content=\"summary_large_image\" \/>\n<meta name=\"twitter:label1\" content=\"Estimated reading time\" \/>\n\t<meta name=\"twitter:data1\" content=\"1 minute\" \/>\n<script type=\"application\/ld+json\" class=\"yoast-schema-graph\">{\"@context\":\"https:\/\/schema.org\",\"@graph\":[{\"@type\":\"WebPage\",\"@id\":\"https:\/\/www.icc.center\/pokladna\/\",\"url\":\"https:\/\/www.icc.center\/pokladna\/\",\"name\":\"Pokladna | icc.center\",\"isPartOf\":{\"@id\":\"https:\/\/www.icc.center\/#website\"},\"datePublished\":\"2022-02-07T10:39:39+00:00\",\"dateModified\":\"2022-02-07T15:24:11+00:00\",\"breadcrumb\":{\"@id\":\"https:\/\/www.icc.center\/pokladna\/#breadcrumb\"},\"inLanguage\":\"en-GB\",\"potentialAction\":[{\"@type\":\"ReadAction\",\"target\":[\"https:\/\/www.icc.center\/pokladna\/\"]}]},{\"@type\":\"BreadcrumbList\",\"@id\":\"https:\/\/www.icc.center\/pokladna\/#breadcrumb\",\"itemListElement\":[{\"@type\":\"ListItem\",\"position\":1,\"name\":\"Hlavn\u00ed str\u00e1nka\",\"item\":\"https:\/\/www.icc.center\/\"},{\"@type\":\"ListItem\",\"position\":2,\"name\":\"Pokladna\"}]},{\"@type\":\"WebSite\",\"@id\":\"https:\/\/www.icc.center\/#website\",\"url\":\"https:\/\/www.icc.center\/\",\"name\":\"icc.center\",\"description\":\"ICC centrum materi\u00e1l\u016f FOMEI\",\"publisher\":{\"@id\":\"https:\/\/www.icc.center\/#organization\"},\"potentialAction\":[{\"@type\":\"SearchAction\",\"target\":{\"@type\":\"EntryPoint\",\"urlTemplate\":\"https:\/\/www.icc.center\/?s={search_term_string}\"},\"query-input\":\"required name=search_term_string\"}],\"inLanguage\":\"en-GB\"},{\"@type\":\"Organization\",\"@id\":\"https:\/\/www.icc.center\/#organization\",\"name\":\"icc.centre\",\"url\":\"https:\/\/www.icc.center\/\",\"logo\":{\"@type\":\"ImageObject\",\"inLanguage\":\"en-GB\",\"@id\":\"https:\/\/www.icc.center\/#\/schema\/logo\/image\/\",\"url\":\"https:\/\/www.icc.center\/wp-content\/uploads\/2021\/12\/cropped-kisspng-cie-1931-color-space-lab-color-space-srgb-seashell-5abb217599e8d6.0772917115222132376304-1.png\",\"contentUrl\":\"https:\/\/www.icc.center\/wp-content\/uploads\/2021\/12\/cropped-kisspng-cie-1931-color-space-lab-color-space-srgb-seashell-5abb217599e8d6.0772917115222132376304-1.png\",\"width\":512,\"height\":512,\"caption\":\"icc.centre\"},\"image\":{\"@id\":\"https:\/\/www.icc.center\/#\/schema\/logo\/image\/\"},\"sameAs\":[\"https:\/\/www.facebook.com\/FomeiCZ\",\"https:\/\/instagram.com\/fomei\",\"https:\/\/youtube.com\/fomeicz\"]}]}<\/script>\n<!-- \/ Yoast SEO plugin. -->","yoast_head_json":{"title":"Pokladna | icc.center","robots":{"index":"index","follow":"follow","max-snippet":"max-snippet:-1","max-image-preview":"max-image-preview:large","max-video-preview":"max-video-preview:-1"},"canonical":"https:\/\/www.icc.center\/en\/pokladna\/","og_locale":"en_GB","og_type":"article","og_title":"Pokladna | icc.center","og_description":"Koupit digit\u00e1ln\u00ed verzi publikace:Pr\u016fvodce digit\u00e1ln\u00ed fotokomorou V\u0161em kdo cht\u011bj\u00ed informace \u010derpat z digit\u00e1ln\u00ed verze publikaci p\u0159in\u00e1\u0161\u00edme mo\u017enost jej\u00ed koup\u011b za zv\u00fdhodn\u011bnou cenu. Odkaz ke sta\u017een\u00ed obdr\u017e\u00edte okam\u017eit\u011b po zaplacen\u00ed kartou.","og_url":"https:\/\/www.icc.center\/en\/pokladna\/","og_site_name":"icc.center","article_publisher":"https:\/\/www.facebook.com\/FomeiCZ","article_modified_time":"2022-02-07T15:24:11+00:00","twitter_card":"summary_large_image","twitter_misc":{"Estimated reading time":"1 minute"},"schema":{"@context":"https:\/\/schema.org","@graph":[{"@type":"WebPage","@id":"https:\/\/www.icc.center\/pokladna\/","url":"https:\/\/www.icc.center\/pokladna\/","name":"Pokladna | icc.center","isPartOf":{"@id":"https:\/\/www.icc.center\/#website"},"datePublished":"2022-02-07T10:39:39+00:00","dateModified":"2022-02-07T15:24:11+00:00","breadcrumb":{"@id":"https:\/\/www.icc.center\/pokladna\/#breadcrumb"},"inLanguage":"en-GB","potentialAction":[{"@type":"ReadAction","target":["https:\/\/www.icc.center\/pokladna\/"]}]},{"@type":"BreadcrumbList","@id":"https:\/\/www.icc.center\/pokladna\/#breadcrumb","itemListElement":[{"@type":"ListItem","position":1,"name":"Hlavn\u00ed str\u00e1nka","item":"https:\/\/www.icc.center\/"},{"@type":"ListItem","position":2,"name":"Pokladna"}]},{"@type":"WebSite","@id":"https:\/\/www.icc.center\/#website","url":"https:\/\/www.icc.center\/","name":"icc.center","description":"ICC centrum materi\u00e1l\u016f FOMEI","publisher":{"@id":"https:\/\/www.icc.center\/#organization"},"potentialAction":[{"@type":"SearchAction","target":{"@type":"EntryPoint","urlTemplate":"https:\/\/www.icc.center\/?s={search_term_string}"},"query-input":"required name=search_term_string"}],"inLanguage":"en-GB"},{"@type":"Organization","@id":"https:\/\/www.icc.center\/#organization","name":"icc.centre","url":"https:\/\/www.icc.center\/","logo":{"@type":"ImageObject","inLanguage":"en-GB","@id":"https:\/\/www.icc.center\/#\/schema\/logo\/image\/","url":"https:\/\/www.icc.center\/wp-content\/uploads\/2021\/12\/cropped-kisspng-cie-1931-color-space-lab-color-space-srgb-seashell-5abb217599e8d6.0772917115222132376304-1.png","contentUrl":"https:\/\/www.icc.center\/wp-content\/uploads\/2021\/12\/cropped-kisspng-cie-1931-color-space-lab-color-space-srgb-seashell-5abb217599e8d6.0772917115222132376304-1.png","width":512,"height":512,"caption":"icc.centre"},"image":{"@id":"https:\/\/www.icc.center\/#\/schema\/logo\/image\/"},"sameAs":["https:\/\/www.facebook.com\/FomeiCZ","https:\/\/instagram.com\/fomei","https:\/\/youtube.com\/fomeicz"]}]}},"_links":{"self":[{"href":"https:\/\/www.icc.center\/en\/wp-json\/wp\/v2\/pages\/477","targetHints":{"allow":["GET"]}}],"collection":[{"href":"https:\/\/www.icc.center\/en\/wp-json\/wp\/v2\/pages"}],"about":[{"href":"https:\/\/www.icc.center\/en\/wp-json\/wp\/v2\/types\/page"}],"author":[{"embeddable":true,"href":"https:\/\/www.icc.center\/en\/wp-json\/wp\/v2\/users\/1"}],"replies":[{"embeddable":true,"href":"https:\/\/www.icc.center\/en\/wp-json\/wp\/v2\/comments?post=477"}],"version-history":[{"count":0,"href":"https:\/\/www.icc.center\/en\/wp-json\/wp\/v2\/pages\/477\/revisions"}],"wp:attachment":[{"href":"https:\/\/www.icc.center\/en\/wp-json\/wp\/v2\/media?parent=477"}],"curies":[{"name":"wp","href":"https:\/\/api.w.org\/{rel}","templated":true}]}}