{"id":14389,"date":"2022-04-14T13:29:19","date_gmt":"2022-04-14T12:29:19","guid":{"rendered":"https:\/\/www.icc.center\/?post_type=product&#038;p=14389"},"modified":"2022-04-14T13:29:19","modified_gmt":"2022-04-14T12:29:19","slug":"pruvodce-digitalni-fotokomorou","status":"publish","type":"product","link":"https:\/\/www.icc.center\/en\/product\/pruvodce-digitalni-fotokomorou\/","title":{"rendered":"Pr\u016fvodce digit\u00e1ln\u00ed fotokomorou"},"content":{"rendered":"<p>Pr\u016fvodce digit\u00e1ln\u00ed fotokomou je publikace ur\u010den\u00e1 v\u0161em fotografk\u00e1m, fotograf\u016fm, um\u011blc\u016fm a minilabist\u016fm, kte\u0159\u00ed cht\u011bj\u00ed proniknout do tajemstv\u00ed tisku fotografi\u00ed a um\u011bleck\u00fdch grafik a p\u0159edev\u0161\u00edm porozum\u011bt a nechat se okouzlit pap\u00edry a pl\u00e1tny pro inkoustov\u00e9 tisk\u00e1rny.<\/p>","protected":false},"excerpt":{"rendered":"<p>P\u0159\u00edru\u010dka pro v\u0161echny fotografy a fototiska\u0159e<\/p>","protected":false},"featured_media":587,"comment_status":"open","ping_status":"closed","template":"","meta":[],"product_cat":[10114],"product_tag":[],"class_list":{"0":"post-14389","1":"product","2":"type-product","3":"status-publish","4":"has-post-thumbnail","6":"product_cat-pruvodce","8":"first","9":"instock","10":"downloadable","11":"virtual","12":"sold-individually","13":"taxable","14":"purchasable","15":"product-type-simple"},"yoast_head":"<!-- This site is optimized with the Yoast SEO plugin v22.9 - https:\/\/yoast.com\/wordpress\/plugins\/seo\/ -->\n<title>Pr\u016fvodce digit\u00e1ln\u00ed fotokomorou | icc.center<\/title>\n<meta name=\"robots\" content=\"index, follow, max-snippet:-1, max-image-preview:large, max-video-preview:-1\" \/>\n<link rel=\"canonical\" href=\"https:\/\/www.icc.center\/en\/product\/pruvodce-digitalni-fotokomorou\/\" \/>\n<meta property=\"og:locale\" content=\"en_GB\" \/>\n<meta property=\"og:type\" content=\"article\" \/>\n<meta property=\"og:title\" content=\"Pr\u016fvodce digit\u00e1ln\u00ed fotokomorou | icc.center\" \/>\n<meta property=\"og:description\" content=\"P\u0159\u00edru\u010dka pro v\u0161echny fotografy a fototiska\u0159e\" \/>\n<meta property=\"og:url\" content=\"https:\/\/www.icc.center\/en\/product\/pruvodce-digitalni-fotokomorou\/\" \/>\n<meta property=\"og:site_name\" content=\"icc.center\" \/>\n<meta property=\"article:publisher\" content=\"https:\/\/www.facebook.com\/FomeiCZ\" \/>\n<meta property=\"og:image\" content=\"http:\/\/www.icc.center\/wp-content\/uploads\/2022\/02\/Pruvodce-digitalni-fotokomorou_Stranka_001-scaled.jpg\" \/>\n\t<meta property=\"og:image:width\" content=\"1811\" \/>\n\t<meta property=\"og:image:height\" content=\"2560\" \/>\n\t<meta property=\"og:image:type\" content=\"image\/jpeg\" \/>\n<meta name=\"twitter:card\" content=\"summary_large_image\" \/>\n<meta name=\"twitter:label1\" content=\"Estimated reading time\" \/>\n\t<meta name=\"twitter:data1\" content=\"1 minute\" \/>\n<script type=\"application\/ld+json\" class=\"yoast-schema-graph\">{\"@context\":\"https:\/\/schema.org\",\"@graph\":[{\"@type\":\"WebPage\",\"@id\":\"https:\/\/www.icc.center\/produkt\/pruvodce-digitalni-fotokomorou\/\",\"url\":\"https:\/\/www.icc.center\/produkt\/pruvodce-digitalni-fotokomorou\/\",\"name\":\"Pr\u016fvodce digit\u00e1ln\u00ed fotokomorou | icc.center\",\"isPartOf\":{\"@id\":\"https:\/\/www.icc.center\/#website\"},\"primaryImageOfPage\":{\"@id\":\"https:\/\/www.icc.center\/produkt\/pruvodce-digitalni-fotokomorou\/#primaryimage\"},\"image\":{\"@id\":\"https:\/\/www.icc.center\/produkt\/pruvodce-digitalni-fotokomorou\/#primaryimage\"},\"thumbnailUrl\":\"https:\/\/www.icc.center\/wp-content\/uploads\/2022\/02\/Pruvodce-digitalni-fotokomorou_Stranka_001-scaled.jpg\",\"datePublished\":\"2022-04-14T12:29:19+00:00\",\"dateModified\":\"2022-04-14T12:29:19+00:00\",\"breadcrumb\":{\"@id\":\"https:\/\/www.icc.center\/produkt\/pruvodce-digitalni-fotokomorou\/#breadcrumb\"},\"inLanguage\":\"en-GB\",\"potentialAction\":[{\"@type\":\"ReadAction\",\"target\":[\"https:\/\/www.icc.center\/produkt\/pruvodce-digitalni-fotokomorou\/\"]}]},{\"@type\":\"ImageObject\",\"inLanguage\":\"en-GB\",\"@id\":\"https:\/\/www.icc.center\/produkt\/pruvodce-digitalni-fotokomorou\/#primaryimage\",\"url\":\"https:\/\/www.icc.center\/wp-content\/uploads\/2022\/02\/Pruvodce-digitalni-fotokomorou_Stranka_001-scaled.jpg\",\"contentUrl\":\"https:\/\/www.icc.center\/wp-content\/uploads\/2022\/02\/Pruvodce-digitalni-fotokomorou_Stranka_001-scaled.jpg\",\"width\":1811,\"height\":2560},{\"@type\":\"BreadcrumbList\",\"@id\":\"https:\/\/www.icc.center\/produkt\/pruvodce-digitalni-fotokomorou\/#breadcrumb\",\"itemListElement\":[{\"@type\":\"ListItem\",\"position\":1,\"name\":\"Hlavn\u00ed str\u00e1nka\",\"item\":\"https:\/\/www.icc.center\/\"},{\"@type\":\"ListItem\",\"position\":2,\"name\":\"Obchod\",\"item\":\"https:\/\/www.icc.center\/obchod\/\"},{\"@type\":\"ListItem\",\"position\":3,\"name\":\"Pr\u016fvodce digit\u00e1ln\u00ed fotokomorou\"}]},{\"@type\":\"WebSite\",\"@id\":\"https:\/\/www.icc.center\/#website\",\"url\":\"https:\/\/www.icc.center\/\",\"name\":\"icc.center\",\"description\":\"ICC centrum materi\u00e1l\u016f FOMEI\",\"publisher\":{\"@id\":\"https:\/\/www.icc.center\/#organization\"},\"potentialAction\":[{\"@type\":\"SearchAction\",\"target\":{\"@type\":\"EntryPoint\",\"urlTemplate\":\"https:\/\/www.icc.center\/?s={search_term_string}\"},\"query-input\":\"required name=search_term_string\"}],\"inLanguage\":\"en-GB\"},{\"@type\":\"Organization\",\"@id\":\"https:\/\/www.icc.center\/#organization\",\"name\":\"icc.centre\",\"url\":\"https:\/\/www.icc.center\/\",\"logo\":{\"@type\":\"ImageObject\",\"inLanguage\":\"en-GB\",\"@id\":\"https:\/\/www.icc.center\/#\/schema\/logo\/image\/\",\"url\":\"https:\/\/www.icc.center\/wp-content\/uploads\/2021\/12\/cropped-kisspng-cie-1931-color-space-lab-color-space-srgb-seashell-5abb217599e8d6.0772917115222132376304-1.png\",\"contentUrl\":\"https:\/\/www.icc.center\/wp-content\/uploads\/2021\/12\/cropped-kisspng-cie-1931-color-space-lab-color-space-srgb-seashell-5abb217599e8d6.0772917115222132376304-1.png\",\"width\":512,\"height\":512,\"caption\":\"icc.centre\"},\"image\":{\"@id\":\"https:\/\/www.icc.center\/#\/schema\/logo\/image\/\"},\"sameAs\":[\"https:\/\/www.facebook.com\/FomeiCZ\",\"https:\/\/instagram.com\/fomei\",\"https:\/\/youtube.com\/fomeicz\"]}]}<\/script>\n<!-- \/ Yoast SEO plugin. -->","yoast_head_json":{"title":"Pr\u016fvodce digit\u00e1ln\u00ed fotokomorou | icc.center","robots":{"index":"index","follow":"follow","max-snippet":"max-snippet:-1","max-image-preview":"max-image-preview:large","max-video-preview":"max-video-preview:-1"},"canonical":"https:\/\/www.icc.center\/en\/product\/pruvodce-digitalni-fotokomorou\/","og_locale":"en_GB","og_type":"article","og_title":"Pr\u016fvodce digit\u00e1ln\u00ed fotokomorou | icc.center","og_description":"P\u0159\u00edru\u010dka pro v\u0161echny fotografy a fototiska\u0159e","og_url":"https:\/\/www.icc.center\/en\/product\/pruvodce-digitalni-fotokomorou\/","og_site_name":"icc.center","article_publisher":"https:\/\/www.facebook.com\/FomeiCZ","og_image":[{"width":1811,"height":2560,"url":"http:\/\/www.icc.center\/wp-content\/uploads\/2022\/02\/Pruvodce-digitalni-fotokomorou_Stranka_001-scaled.jpg","type":"image\/jpeg"}],"twitter_card":"summary_large_image","twitter_misc":{"Estimated reading time":"1 minute"},"schema":{"@context":"https:\/\/schema.org","@graph":[{"@type":"WebPage","@id":"https:\/\/www.icc.center\/produkt\/pruvodce-digitalni-fotokomorou\/","url":"https:\/\/www.icc.center\/produkt\/pruvodce-digitalni-fotokomorou\/","name":"Pr\u016fvodce digit\u00e1ln\u00ed fotokomorou | icc.center","isPartOf":{"@id":"https:\/\/www.icc.center\/#website"},"primaryImageOfPage":{"@id":"https:\/\/www.icc.center\/produkt\/pruvodce-digitalni-fotokomorou\/#primaryimage"},"image":{"@id":"https:\/\/www.icc.center\/produkt\/pruvodce-digitalni-fotokomorou\/#primaryimage"},"thumbnailUrl":"https:\/\/www.icc.center\/wp-content\/uploads\/2022\/02\/Pruvodce-digitalni-fotokomorou_Stranka_001-scaled.jpg","datePublished":"2022-04-14T12:29:19+00:00","dateModified":"2022-04-14T12:29:19+00:00","breadcrumb":{"@id":"https:\/\/www.icc.center\/produkt\/pruvodce-digitalni-fotokomorou\/#breadcrumb"},"inLanguage":"en-GB","potentialAction":[{"@type":"ReadAction","target":["https:\/\/www.icc.center\/produkt\/pruvodce-digitalni-fotokomorou\/"]}]},{"@type":"ImageObject","inLanguage":"en-GB","@id":"https:\/\/www.icc.center\/produkt\/pruvodce-digitalni-fotokomorou\/#primaryimage","url":"https:\/\/www.icc.center\/wp-content\/uploads\/2022\/02\/Pruvodce-digitalni-fotokomorou_Stranka_001-scaled.jpg","contentUrl":"https:\/\/www.icc.center\/wp-content\/uploads\/2022\/02\/Pruvodce-digitalni-fotokomorou_Stranka_001-scaled.jpg","width":1811,"height":2560},{"@type":"BreadcrumbList","@id":"https:\/\/www.icc.center\/produkt\/pruvodce-digitalni-fotokomorou\/#breadcrumb","itemListElement":[{"@type":"ListItem","position":1,"name":"Hlavn\u00ed str\u00e1nka","item":"https:\/\/www.icc.center\/"},{"@type":"ListItem","position":2,"name":"Obchod","item":"https:\/\/www.icc.center\/obchod\/"},{"@type":"ListItem","position":3,"name":"Pr\u016fvodce digit\u00e1ln\u00ed fotokomorou"}]},{"@type":"WebSite","@id":"https:\/\/www.icc.center\/#website","url":"https:\/\/www.icc.center\/","name":"icc.center","description":"ICC centrum materi\u00e1l\u016f FOMEI","publisher":{"@id":"https:\/\/www.icc.center\/#organization"},"potentialAction":[{"@type":"SearchAction","target":{"@type":"EntryPoint","urlTemplate":"https:\/\/www.icc.center\/?s={search_term_string}"},"query-input":"required name=search_term_string"}],"inLanguage":"en-GB"},{"@type":"Organization","@id":"https:\/\/www.icc.center\/#organization","name":"icc.centre","url":"https:\/\/www.icc.center\/","logo":{"@type":"ImageObject","inLanguage":"en-GB","@id":"https:\/\/www.icc.center\/#\/schema\/logo\/image\/","url":"https:\/\/www.icc.center\/wp-content\/uploads\/2021\/12\/cropped-kisspng-cie-1931-color-space-lab-color-space-srgb-seashell-5abb217599e8d6.0772917115222132376304-1.png","contentUrl":"https:\/\/www.icc.center\/wp-content\/uploads\/2021\/12\/cropped-kisspng-cie-1931-color-space-lab-color-space-srgb-seashell-5abb217599e8d6.0772917115222132376304-1.png","width":512,"height":512,"caption":"icc.centre"},"image":{"@id":"https:\/\/www.icc.center\/#\/schema\/logo\/image\/"},"sameAs":["https:\/\/www.facebook.com\/FomeiCZ","https:\/\/instagram.com\/fomei","https:\/\/youtube.com\/fomeicz"]}]}},"_links":{"self":[{"href":"https:\/\/www.icc.center\/en\/wp-json\/wp\/v2\/product\/14389","targetHints":{"allow":["GET"]}}],"collection":[{"href":"https:\/\/www.icc.center\/en\/wp-json\/wp\/v2\/product"}],"about":[{"href":"https:\/\/www.icc.center\/en\/wp-json\/wp\/v2\/types\/product"}],"replies":[{"embeddable":true,"href":"https:\/\/www.icc.center\/en\/wp-json\/wp\/v2\/comments?post=14389"}],"wp:featuredmedia":[{"embeddable":true,"href":"https:\/\/www.icc.center\/en\/wp-json\/wp\/v2\/media\/587"}],"wp:attachment":[{"href":"https:\/\/www.icc.center\/en\/wp-json\/wp\/v2\/media?parent=14389"}],"wp:term":[{"taxonomy":"product_cat","embeddable":true,"href":"https:\/\/www.icc.center\/en\/wp-json\/wp\/v2\/product_cat?post=14389"},{"taxonomy":"product_tag","embeddable":true,"href":"https:\/\/www.icc.center\/en\/wp-json\/wp\/v2\/product_tag?post=14389"}],"curies":[{"name":"wp","href":"https:\/\/api.w.org\/{rel}","templated":true}]}}